{"id":6628,"date":"2021-11-18T17:36:32","date_gmt":"2021-11-18T16:36:32","guid":{"rendered":"https:\/\/aux2lacs54.fr\/allgemeine-geschaeftsbedingungen\/"},"modified":"2024-02-23T14:06:23","modified_gmt":"2024-02-23T13:06:23","slug":"allgemeine-geschaeftsbedingungen","status":"publish","type":"page","link":"https:\/\/aux2lacs54.fr\/de\/allgemeine-geschaeftsbedingungen\/","title":{"rendered":"Allgemeine Gesch\u00e4ftsbedingungen"},"content":{"rendered":"<h3>ALLGEMEINE GESCH\u00c4FTSBEDINGUNGEN<\/h3>\n<p><strong><br \/>\n  <em>Artikel 1<\/em><br \/>\n<\/strong> : Dieser Mietvertrag ist ausschlie\u00dflich f\u00fcr die saisonale Vermietung zu touristischen Zwecken bestimmt.<\/p>\n<p><strong><br \/>\n  <em>Artikel 2<\/em><br \/>\n<\/strong> &#8211; <strong>Dauer des Aufenthalts<\/strong>: Der Mieter, der den vorliegenden, f\u00fcr eine bestimmte Dauer abgeschlossenen Vertrag unterzeichnet hat, kann sich unter keinen Umst\u00e4nden auf irgendein Recht berufen, nach Ablauf des Aufenthalts in den R\u00e4umlichkeiten zu verbleiben.<\/p>\n<p><strong><br \/>\n  <em>Artikel 3<\/em><br \/>\n<\/strong> &#8211; <strong>Vertragsabschluss<\/strong>: Die Buchung wird wirksam, sobald der Mieter dem Eigent\u00fcmer die<strong>geforderte Anzahlung <\/strong>und ein Exemplar des unterschriebenen Vertrags vor dem angegebenen Datum zukommen l\u00e4sst.<\/p>\n<p>Die zwischen den Parteien dieser Urkunde abgeschlossene Vermietung darf unter keinen Umst\u00e4nden auch nur teilweise Dritten, nat\u00fcrlichen oder juristischen Personen, zugutekommen, es sei denn, der Eigent\u00fcmer hat dem schriftlich zugestimmt.<\/p>\n<p>Jeder Versto\u00df gegen den letzten Absatz k\u00f6nnte zur sofortigen Beendigung des Mietverh\u00e4ltnisses zu Lasten des Mieters f\u00fchren, wobei der Erl\u00f6s des Mietverh\u00e4ltnisses endg\u00fcltig beim Eigent\u00fcmer verbleibt.<\/p>\n<p><strong><em>Artikel 4 &#8211; &#8211;  <\/em><\/strong><strong>fehlender Widerruf<\/strong>  Bei Buchungen, die per Post, Telefon oder Internet get\u00e4tigt werden, gilt f\u00fcr den Mieter keine Widerrufsfrist, und zwar gem\u00e4\u00df Artikel L121-21-8 des Verbraucherschutzgesetzes, der sich insbesondere auf Unterkunftsdienstleistungen bezieht, die zu einem bestimmten Zeitpunkt oder in einer bestimmten Periodizit\u00e4t erbracht werden.<strong><br \/>\n  <em>Artikel 5 <\/em><br \/>\n<\/strong>&#8211;  <strong>Stornierung durch den Mieter<\/strong>: Jede Stornierung muss dem Vermieter per Einschreiben oder per E-Mail mitgeteilt werden.<strong> <br \/><\/strong><\/p>\n<p><strong>a) Der Kunde kann seine Buchung bis zu 14 Tage vor der Ankunft kostenlos stornieren. Der Gast muss 50 % des Gesamtbetrages zahlen, wenn er innerhalb von 14 Tagen vor der Anreise storniert. Wenn der Gast nicht erscheint, muss er den vollen Betrag f\u00fcr die Buchung zahlen.<\/strong><\/p>\n<p>Wenn der Mieter sich nicht innerhalb von 24 Stunden nach dem im Vertrag angegebenen Ankunftsdatum meldet, wird der vorliegende Vertrag ung\u00fcltig und der Eigent\u00fcmer kann \u00fcber sein Ferienhaus verf\u00fcgen. Die Anzahlung verbleibt ebenfalls beim Eigent\u00fcmer, der die Zahlung des Restbetrags f\u00fcr die Miete verlangt.<\/p>\n<p>b) Wenn der Aufenthalt verk\u00fcrzt wird, beh\u00e4lt der Eigent\u00fcmer den Mietpreis ein. Es werden keine R\u00fcckerstattungen vorgenommen.<\/p>\n<p><strong><br \/>\n  <em>Artikel 6 <\/em><br \/>\n<\/strong>&#8211; <strong> Stornierung durch den Ver<\/strong> mieter: Der Vermieter zahlt dem Mieter den gesamten gezahlten Betrag zur\u00fcck.<\/p>\n<p><strong><br \/>\n  <em>Artikel 7<\/em><br \/>\n<\/strong> &#8211; <strong> Ankunft <\/strong>: Der Mieter muss sich am angegebenen Tag und ab der im vorliegenden Vertrag genannten Uhrzeit einfinden. Im Falle einer versp\u00e4teten oder verz\u00f6gerten Ankunft muss der Mieter den Eigent\u00fcmer benachrichtigen.<\/p>\n<p><strong><br \/>\n  <em>Artikel 8<\/em><br \/>\n<\/strong>&#8211; <strong> Restzahlung<\/strong>: Der Restbetrag des Mietpreises ist bei Antritt der Reise zu entrichten.<\/p>\n<p><strong><br \/>\n  <em>Artikel 9 <\/em><br \/>\n<\/strong>&#8211; <strong> Bestandsaufnahme<\/strong> <strong>(Nur f\u00fcr die UNTERKUNFT) <\/strong>: Eine Bestandsaufnahme wird gemeinsam erstellt und vom Mieter und dem Eigent\u00fcmer oder seinem Vertreter bei Ankunft und Abreise in der Unterkunft unterzeichnet. Dieses Inventar ist die einzige Referenz im Falle von Streitigkeiten \u00fcber den Zustand der R\u00e4umlichkeiten.<\/p>\n<p>Der Sauberkeitszustand des Ferienhauses bei der Ankunft des Mieters muss im \u00dcbergabeprotokoll festgehalten werden. F\u00fcr die Reinigung der R\u00e4umlichkeiten ist der Mieter w\u00e4hrend der Mietzeit und vor seiner Abreise verantwortlich. Die H\u00f6he der eventuellen Haushaltskosten wird auf der in der Beschreibung genannten Berechnungsgrundlage festgelegt.<\/p>\n<p><strong><br \/>\n  <em>Artikel 10 <\/em><br \/>\n<\/strong>&#8211; <strong> KAUTION<\/strong> <strong>(Nur f\u00fcr die GAST) <\/strong>: Bei der Ankunft des Mieters wird vom Eigent\u00fcmer eine KAUTION in H\u00f6he von 300\u20ac verlangt. Nach der kontradiktorischen Erstellung des \u00dcbergabeprotokolls wird diese Kaution zur\u00fcckerstattet, abz\u00fcglich der Kosten f\u00fcr die Instandsetzung der R\u00e4umlichkeiten, falls Besch\u00e4digungen festgestellt wurden.<\/p>\n<p>Im Falle einer vorzeitigen Abreise (vor der im Vertrag genannten Uhrzeit), die eine Bestandsaufnahme am Tag der Abreise des Mieters verhindert, wird die Kaution vom Eigent\u00fcmer innerhalb einer Frist von h\u00f6chstens einer Woche zur\u00fcckerstattet.<\/p>\n<p><strong><br \/>\n  <em>Artikel 11<\/em><br \/>\n<\/strong> &#8211; <strong> Nutzung der R\u00e4um <\/strong>lichkeiten: Der Mieter muss f\u00fcr den friedlichen Charakter des Mietobjekts sorgen und es entsprechend der Bestimmung der R\u00e4umlichkeiten nutzen.<\/p>\n<p><strong><br \/>\n  <em>Artikel 12<\/em><br \/>\n<\/strong> &#8211; <strong> Kapazit\u00e4t<\/strong>: Der vorliegende Vertrag wird f\u00fcr eine maximale Kapazit\u00e4t von Personen ausgestellt. Wenn die Anzahl der Mieter die Aufnahmekapazit\u00e4t \u00fcbersteigt, kann der Eigent\u00fcmer zus\u00e4tzliche Personen ablehnen. Jede \u00c4nderung oder Beendigung des Vertrags gilt als auf Initiative des Kunden erfolgt.<\/p>\n<p><strong><br \/>\n  <em>Artikel 13 &#8211; &#8211; <\/em><br \/>\n<\/strong><strong>Aufnahme von Tieren<\/strong>: In diesem Vertrag ist festgelegt, ob der Mieter in Begleitung eines Haustiers wohnen darf oder nicht. Bei Nichteinhaltung dieser Klausel kann der Eigent\u00fcmer den Aufenthalt verweigern: Es erfolgt dann keine R\u00fcckerstattung.<\/p>\n<p><strong><br \/>\n  <em>Artikel 14<\/em><br \/>\n<\/strong> &#8211; <strong> Versicherungen<\/strong>: Der Mieter haftet f\u00fcr alle Sch\u00e4den, die durch sein Handeln entstehen. Er muss gegen diese verschiedenen Risiken durch eine Versicherung vom Typ Ferienort versichert sein.<\/p>\n","protected":false},"excerpt":{"rendered":"<p>ALLGEMEINE GESCH\u00c4FTSBEDINGUNGEN Artikel 1 : Dieser Mietvertrag ist ausschlie\u00dflich f\u00fcr die saisonale Vermietung zu touristischen Zwecken bestimmt. Artikel 2 &#8211; Dauer des Aufenthalts: Der Mieter, der den vorliegenden, f\u00fcr eine bestimmte Dauer abgeschlossenen Vertrag unterzeichnet hat, kann sich unter keinen  [&#8230;]<\/p>\n","protected":false},"author":1,"featured_media":0,"parent":0,"menu_order":0,"comment_status":"closed","ping_status":"open","template":"","meta":{"footnotes":""},"class_list":["post-6628","page","type-page","status-publish","hentry"],"yoast_head":"<!-- This site is optimized with the Yoast SEO plugin v27.4 - https:\/\/yoast.com\/product\/yoast-seo-wordpress\/ -->\n<title>Allgemeine Gesch\u00e4ftsbedingungen - AUX 2 LACS<\/title>\n<meta name=\"robots\" content=\"index, follow, max-snippet:-1, max-image-preview:large, max-video-preview:-1\" \/>\n<link rel=\"canonical\" href=\"https:\/\/aux2lacs54.fr\/de\/allgemeine-geschaeftsbedingungen\/\" \/>\n<meta property=\"og:locale\" content=\"de_DE\" \/>\n<meta property=\"og:type\" content=\"article\" \/>\n<meta property=\"og:title\" content=\"Allgemeine Gesch\u00e4ftsbedingungen - AUX 2 LACS\" \/>\n<meta property=\"og:description\" content=\"ALLGEMEINE GESCH\u00c4FTSBEDINGUNGEN Artikel 1 : Dieser Mietvertrag ist ausschlie\u00dflich f\u00fcr die saisonale Vermietung zu touristischen Zwecken bestimmt. Artikel 2 &#8211; Dauer des Aufenthalts: Der Mieter, der den vorliegenden, f\u00fcr eine bestimmte Dauer abgeschlossenen Vertrag unterzeichnet hat, kann sich unter keinen [...]\" \/>\n<meta property=\"og:url\" content=\"https:\/\/aux2lacs54.fr\/de\/allgemeine-geschaeftsbedingungen\/\" \/>\n<meta property=\"og:site_name\" content=\"AUX 2 LACS\" \/>\n<meta property=\"article:publisher\" content=\"https:\/\/www.facebook.com\/aux2lacs54\/\" \/>\n<meta property=\"article:modified_time\" content=\"2024-02-23T13:06:23+00:00\" \/>\n<meta name=\"twitter:card\" content=\"summary_large_image\" \/>\n<meta name=\"twitter:label1\" content=\"Gesch\u00e4tzte Lesezeit\" \/>\n\t<meta name=\"twitter:data1\" content=\"4\u00a0Minuten\" \/>\n<script type=\"application\/ld+json\" class=\"yoast-schema-graph\">{\"@context\":\"https:\\\/\\\/schema.org\",\"@graph\":[{\"@type\":\"WebPage\",\"@id\":\"https:\\\/\\\/aux2lacs54.fr\\\/de\\\/allgemeine-geschaeftsbedingungen\\\/\",\"url\":\"https:\\\/\\\/aux2lacs54.fr\\\/de\\\/allgemeine-geschaeftsbedingungen\\\/\",\"name\":\"Allgemeine Gesch\u00e4ftsbedingungen - AUX 2 LACS\",\"isPartOf\":{\"@id\":\"https:\\\/\\\/aux2lacs54.fr\\\/de\\\/#website\"},\"datePublished\":\"2021-11-18T16:36:32+00:00\",\"dateModified\":\"2024-02-23T13:06:23+00:00\",\"breadcrumb\":{\"@id\":\"https:\\\/\\\/aux2lacs54.fr\\\/de\\\/allgemeine-geschaeftsbedingungen\\\/#breadcrumb\"},\"inLanguage\":\"de\",\"potentialAction\":[{\"@type\":\"ReadAction\",\"target\":[\"https:\\\/\\\/aux2lacs54.fr\\\/de\\\/allgemeine-geschaeftsbedingungen\\\/\"]}]},{\"@type\":\"BreadcrumbList\",\"@id\":\"https:\\\/\\\/aux2lacs54.fr\\\/de\\\/allgemeine-geschaeftsbedingungen\\\/#breadcrumb\",\"itemListElement\":[{\"@type\":\"ListItem\",\"position\":1,\"name\":\"Accueil\",\"item\":\"https:\\\/\\\/aux2lacs54.fr\\\/de\\\/\"},{\"@type\":\"ListItem\",\"position\":2,\"name\":\"Allgemeine Gesch\u00e4ftsbedingungen\"}]},{\"@type\":\"WebSite\",\"@id\":\"https:\\\/\\\/aux2lacs54.fr\\\/de\\\/#website\",\"url\":\"https:\\\/\\\/aux2lacs54.fr\\\/de\\\/\",\"name\":\"AUX 2 LACS\",\"description\":\"Chambres d&#039;H\u00f4tes, Location de G\u00eete, Piscine, Vosges, Meurthe-et-Moselle\",\"publisher\":{\"@id\":\"https:\\\/\\\/aux2lacs54.fr\\\/de\\\/#organization\"},\"potentialAction\":[{\"@type\":\"SearchAction\",\"target\":{\"@type\":\"EntryPoint\",\"urlTemplate\":\"https:\\\/\\\/aux2lacs54.fr\\\/de\\\/?s={search_term_string}\"},\"query-input\":{\"@type\":\"PropertyValueSpecification\",\"valueRequired\":true,\"valueName\":\"search_term_string\"}}],\"inLanguage\":\"de\"},{\"@type\":\"Organization\",\"@id\":\"https:\\\/\\\/aux2lacs54.fr\\\/de\\\/#organization\",\"name\":\"Aux 2 lacs 54\",\"url\":\"https:\\\/\\\/aux2lacs54.fr\\\/de\\\/\",\"logo\":{\"@type\":\"ImageObject\",\"inLanguage\":\"de\",\"@id\":\"https:\\\/\\\/aux2lacs54.fr\\\/de\\\/#\\\/schema\\\/logo\\\/image\\\/\",\"url\":\"https:\\\/\\\/aux2lacs54.fr\\\/wp-content\\\/uploads\\\/2022\\\/02\\\/Aux-2-lacs-HD.png\",\"contentUrl\":\"https:\\\/\\\/aux2lacs54.fr\\\/wp-content\\\/uploads\\\/2022\\\/02\\\/Aux-2-lacs-HD.png\",\"width\":4000,\"height\":3986,\"caption\":\"Aux 2 lacs 54\"},\"image\":{\"@id\":\"https:\\\/\\\/aux2lacs54.fr\\\/de\\\/#\\\/schema\\\/logo\\\/image\\\/\"},\"sameAs\":[\"https:\\\/\\\/www.facebook.com\\\/aux2lacs54\\\/\",\"https:\\\/\\\/www.youtube.com\\\/channel\\\/UCuk_gN6mwJiDxWt1EqBisAw\\\/videos\"]}]}<\/script>\n<!-- \/ Yoast SEO plugin. -->","yoast_head_json":{"title":"Allgemeine Gesch\u00e4ftsbedingungen - AUX 2 LACS","robots":{"index":"index","follow":"follow","max-snippet":"max-snippet:-1","max-image-preview":"max-image-preview:large","max-video-preview":"max-video-preview:-1"},"canonical":"https:\/\/aux2lacs54.fr\/de\/allgemeine-geschaeftsbedingungen\/","og_locale":"de_DE","og_type":"article","og_title":"Allgemeine Gesch\u00e4ftsbedingungen - AUX 2 LACS","og_description":"ALLGEMEINE GESCH\u00c4FTSBEDINGUNGEN Artikel 1 : Dieser Mietvertrag ist ausschlie\u00dflich f\u00fcr die saisonale Vermietung zu touristischen Zwecken bestimmt. Artikel 2 &#8211; Dauer des Aufenthalts: Der Mieter, der den vorliegenden, f\u00fcr eine bestimmte Dauer abgeschlossenen Vertrag unterzeichnet hat, kann sich unter keinen [...]","og_url":"https:\/\/aux2lacs54.fr\/de\/allgemeine-geschaeftsbedingungen\/","og_site_name":"AUX 2 LACS","article_publisher":"https:\/\/www.facebook.com\/aux2lacs54\/","article_modified_time":"2024-02-23T13:06:23+00:00","twitter_card":"summary_large_image","twitter_misc":{"Gesch\u00e4tzte Lesezeit":"4\u00a0Minuten"},"schema":{"@context":"https:\/\/schema.org","@graph":[{"@type":"WebPage","@id":"https:\/\/aux2lacs54.fr\/de\/allgemeine-geschaeftsbedingungen\/","url":"https:\/\/aux2lacs54.fr\/de\/allgemeine-geschaeftsbedingungen\/","name":"Allgemeine Gesch\u00e4ftsbedingungen - AUX 2 LACS","isPartOf":{"@id":"https:\/\/aux2lacs54.fr\/de\/#website"},"datePublished":"2021-11-18T16:36:32+00:00","dateModified":"2024-02-23T13:06:23+00:00","breadcrumb":{"@id":"https:\/\/aux2lacs54.fr\/de\/allgemeine-geschaeftsbedingungen\/#breadcrumb"},"inLanguage":"de","potentialAction":[{"@type":"ReadAction","target":["https:\/\/aux2lacs54.fr\/de\/allgemeine-geschaeftsbedingungen\/"]}]},{"@type":"BreadcrumbList","@id":"https:\/\/aux2lacs54.fr\/de\/allgemeine-geschaeftsbedingungen\/#breadcrumb","itemListElement":[{"@type":"ListItem","position":1,"name":"Accueil","item":"https:\/\/aux2lacs54.fr\/de\/"},{"@type":"ListItem","position":2,"name":"Allgemeine Gesch\u00e4ftsbedingungen"}]},{"@type":"WebSite","@id":"https:\/\/aux2lacs54.fr\/de\/#website","url":"https:\/\/aux2lacs54.fr\/de\/","name":"AUX 2 LACS","description":"Chambres d&#039;H\u00f4tes, Location de G\u00eete, Piscine, Vosges, Meurthe-et-Moselle","publisher":{"@id":"https:\/\/aux2lacs54.fr\/de\/#organization"},"potentialAction":[{"@type":"SearchAction","target":{"@type":"EntryPoint","urlTemplate":"https:\/\/aux2lacs54.fr\/de\/?s={search_term_string}"},"query-input":{"@type":"PropertyValueSpecification","valueRequired":true,"valueName":"search_term_string"}}],"inLanguage":"de"},{"@type":"Organization","@id":"https:\/\/aux2lacs54.fr\/de\/#organization","name":"Aux 2 lacs 54","url":"https:\/\/aux2lacs54.fr\/de\/","logo":{"@type":"ImageObject","inLanguage":"de","@id":"https:\/\/aux2lacs54.fr\/de\/#\/schema\/logo\/image\/","url":"https:\/\/aux2lacs54.fr\/wp-content\/uploads\/2022\/02\/Aux-2-lacs-HD.png","contentUrl":"https:\/\/aux2lacs54.fr\/wp-content\/uploads\/2022\/02\/Aux-2-lacs-HD.png","width":4000,"height":3986,"caption":"Aux 2 lacs 54"},"image":{"@id":"https:\/\/aux2lacs54.fr\/de\/#\/schema\/logo\/image\/"},"sameAs":["https:\/\/www.facebook.com\/aux2lacs54\/","https:\/\/www.youtube.com\/channel\/UCuk_gN6mwJiDxWt1EqBisAw\/videos"]}]}},"_links":{"self":[{"href":"https:\/\/aux2lacs54.fr\/de\/wp-json\/wp\/v2\/pages\/6628","targetHints":{"allow":["GET"]}}],"collection":[{"href":"https:\/\/aux2lacs54.fr\/de\/wp-json\/wp\/v2\/pages"}],"about":[{"href":"https:\/\/aux2lacs54.fr\/de\/wp-json\/wp\/v2\/types\/page"}],"author":[{"embeddable":true,"href":"https:\/\/aux2lacs54.fr\/de\/wp-json\/wp\/v2\/users\/1"}],"replies":[{"embeddable":true,"href":"https:\/\/aux2lacs54.fr\/de\/wp-json\/wp\/v2\/comments?post=6628"}],"version-history":[{"count":1,"href":"https:\/\/aux2lacs54.fr\/de\/wp-json\/wp\/v2\/pages\/6628\/revisions"}],"predecessor-version":[{"id":6631,"href":"https:\/\/aux2lacs54.fr\/de\/wp-json\/wp\/v2\/pages\/6628\/revisions\/6631"}],"wp:attachment":[{"href":"https:\/\/aux2lacs54.fr\/de\/wp-json\/wp\/v2\/media?parent=6628"}],"curies":[{"name":"wp","href":"https:\/\/api.w.org\/{rel}","templated":true}]}}