{"id":6620,"date":"2024-02-23T11:48:10","date_gmt":"2024-02-23T10:48:10","guid":{"rendered":"https:\/\/aux2lacs54.fr\/menciones-legales\/"},"modified":"2024-02-23T14:08:04","modified_gmt":"2024-02-23T13:08:04","slug":"menciones-legales","status":"publish","type":"page","link":"https:\/\/aux2lacs54.fr\/es\/menciones-legales\/","title":{"rendered":"Menciones legales"},"content":{"rendered":"<header class=\"entry-header\">\n<h3 class=\"entry-title\"><a class=\"\" href=\"https:\/\/aux2lacs54.fr\/cgv\/\" target=\"_blank\" rel=\"nofollow noopener\"><u><span style=\"color: #ff0000;\"><em><span style=\"color: #3366ff;\">Para leer nuestras condiciones generales<\/span><\/em><\/span><\/u><\/a><\/h3>\n<h1 class=\"entry-title\">Informaci\u00f3n jur\u00eddica<\/h1>\n<\/header>\n<div class=\"entry-content\">\n<h2>Informaci\u00f3n jur\u00eddica<\/h2>\n<h3>1. Presentaci\u00f3n del sitio.<\/h3>\n<p>De conformidad con el art\u00edculo 6 de la Ley n\u00ba 2004-575, de 21 de junio de 2004, sobre la confianza en la econom\u00eda digital, se informa a los usuarios del sitio web <a href=\"http:\/\/www.la-chevrerie.com\/\">www.la-chevrerie.com<\/a> de la identidad de las distintas partes que intervienen en su creaci\u00f3n y seguimiento:<\/p>\n<p><strong>Propietario<\/strong>: Jo\u00eblle y Richard Kister &#8211; Aux 2 Lacs 54540 Pierre-Perc\u00e9e. 06 62 53 22 82. Tel\u00e9fono: 910 654 987 00015<br \/>\n<strong>Creador<\/strong>: Richard Kister<br \/>\n<strong>Director de la publicaci\u00f3n<\/strong>: Richard Kister &#8211; aux2lacs54@gmail.com<br \/>\nEl responsable de la publicaci\u00f3n es una persona f\u00edsica o jur\u00eddica.<br \/>\n<strong>Webmaster<\/strong>: Richard Kister &#8211; aux2lacs54@gmail.com<br \/>\n<strong>Alojamiento<\/strong>: OVH &#8211; <a href=\"https:\/\/www.ovhcloud.com\/fr\/terms-and-conditions\/\"><br \/>\n  <span style=\"color: #3366ff;\">www.ovhcloud.com\/fr\/terms-and-conditions\/<\/span><br \/>\n<\/a><br \/>\nCr\u00e9ditos: Richard Kister<br \/>\n2. Condiciones generales de utilizaci\u00f3n del sitio y de los servicios ofrecidos.<\/p>\n<p>Uso del sitio <span style=\"color: #339966;\"><br \/>\n  <a style=\"color: #339966;\" href=\"https:\/\/aux2lacs54.fr\/\"><br \/>\n    <span style=\"color: #3366ff;\">www.aux2lacs54.f<\/span><br \/>\n  <\/a><br \/>\n  <a style=\"color: #339966;\" href=\"https:\/\/aux2lacs54.fr\/\"><br \/>\n    <span style=\"color: #3366ff;\">r<\/span><br \/>\n  <\/a><br \/>\n<\/span> implica la plena aceptaci\u00f3n de las condiciones generales de uso que se describen a continuaci\u00f3n. Las presentes condiciones de uso podr\u00e1n ser modificadas o completadas en cualquier momento. Los usuarios del <span style=\"color: #3366ff;\"><br \/>\n  <a style=\"color: #3366ff;\" href=\"https:\/\/aux2lacs54.fr\/\">www.aux2lacs54.f<\/a><br \/>\n<\/span><a href=\"https:\/\/aux2lacs54.fr\/\"><br \/>\n  <span style=\"color: #3366ff;\">r<\/span><br \/>\n<\/a> por lo que se aconseja a los usuarios que las consulten peri\u00f3dicamente.<\/p>\n<p>Este sitio es normalmente accesible a los usuarios en todo momento. No obstante, Richard Kister puede decidir interrumpir el sitio por motivos de mantenimiento t\u00e9cnico. En tal caso, Richard Kister se esforzar\u00e1 por informar a los usuarios de las fechas y horas de la intervenci\u00f3n con antelaci\u00f3n.<\/p>\n<p>El sitio web <span style=\"color: #3366ff;\"><br \/>\n  <a style=\"color: #3366ff;\" href=\"https:\/\/aux2lacs54.fr\/\">www.aux2lacs54.f<\/a><br \/>\n  <a style=\"color: #3366ff;\" href=\"https:\/\/aux2lacs54.fr\/\">r<\/a><br \/>\n<\/span> es actualizado peri\u00f3dicamente por Richard Kister. Del mismo modo, los avisos legales pueden modificarse en cualquier momento: no obstante, son vinculantes para el usuario, a quien se invita a consultarlos con la mayor frecuencia posible para su lectura.<\/p>\n<h3>3. Descripci\u00f3n de los servicios prestados.<\/h3>\n<p>El sitio web <span style=\"color: #3366ff;\"> <a style=\"color: #3366ff;\" href=\"https:\/\/aux2lacs54.fr\/\">www.aux2lacs54.f<\/a><a style=\"color: #3366ff;\" href=\"https:\/\/aux2lacs54.fr\/\">r<\/a><\/span> tiene por objeto facilitar informaci\u00f3n sobre todas las actividades de la empresa.<\/p>\n<p>Richard Kister se esfuerza por ofrecer en el sitio  <a href=\"http:\/\/www.la-chevrerie.com\/\"> <\/a><span style=\"color: #3366ff;\"><br \/>\n  <a style=\"color: #3366ff;\" href=\"https:\/\/aux2lacs54.fr\/\">www.aux2lacs54.f<\/a><br \/>\n  <a style=\"color: #3366ff;\" href=\"https:\/\/aux2lacs54.fr\/\">r<\/a><br \/>\n<\/span> informaci\u00f3n lo m\u00e1s precisa posible. No obstante, no podr\u00e1 ser considerada responsable de las omisiones, inexactitudes o falta de actualizaci\u00f3n de la informaci\u00f3n, ya sean causadas por ella misma o por terceros asociados que faciliten la informaci\u00f3n.<\/p>\n<p>Toda la informaci\u00f3n en el sitio <span style=\"color: #3366ff;\"><br \/>\n  <a style=\"color: #3366ff;\" href=\"https:\/\/aux2lacs54.fr\/\">www.aux2lacs54.f<\/a><br \/>\n<\/span><a href=\"https:\/\/aux2lacs54.fr\/\"><br \/>\n  <span style=\"color: #3366ff;\">r<\/span><br \/>\n<\/a> se facilita \u00fanicamente a t\u00edtulo informativo y est\u00e1 sujeta a cambios. Adem\u00e1s, la informaci\u00f3n sobre el<span style=\"color: #3366ff;\"> <a style=\"color: #3366ff;\" href=\"https:\/\/aux2lacs54.fr\/\">www.aux2lacs54.f<\/a><a style=\"color: #3366ff;\" href=\"https:\/\/aux2lacs54.fr\/\">r<\/a><\/span> no es exhaustiva. Se facilitan sin perjuicio de las modificaciones que puedan haberse introducido desde su puesta en l\u00ednea.<\/p>\n<h3>4. Limitaciones contractuales de los datos t\u00e9cnicos.<\/h3>\n<p>El sitio utiliza la tecnolog\u00eda JavaScript.<\/p>\n<p>El sitio web no se hace responsable de los da\u00f1os materiales derivados de su uso. Adem\u00e1s, los usuarios del sitio se comprometen a acceder a \u00e9l utilizando equipos recientes, libres de virus y con el \u00faltimo navegador actualizado.<\/p>\n<h3>5. Propiedad intelectual y falsificaci\u00f3n.<\/h3>\n<p>Richard Kister es el propietario de los derechos de propiedad intelectual o titular de los derechos de uso sobre todos los elementos accesibles en el sitio, en particular los textos, im\u00e1genes, gr\u00e1ficos, logotipos, iconos, sonidos y software.<\/p>\n<p>Cualquier reproducci\u00f3n, representaci\u00f3n, modificaci\u00f3n, publicaci\u00f3n, adaptaci\u00f3n de la totalidad o parte de los elementos del sitio, cualesquiera que sean los medios o procedimientos utilizados, est\u00e1 prohibida, salvo autorizaci\u00f3n previa por escrito de : Richard Kister.<\/p>\n<p>Cualquier uso no autorizado del sitio o de cualquiera de los elementos que contiene se considerar\u00e1 constitutivo de infracci\u00f3n y ser\u00e1 perseguido de conformidad con lo dispuesto en los art\u00edculos L.335-2 y siguientes del C\u00f3digo franc\u00e9s de la Propiedad Intelectual.<\/p>\n<h3>6. Limitaci\u00f3n de responsabilidad.<\/h3>\n<p>Richard Kister no se hace responsable de los da\u00f1os directos o indirectos causados al equipo del usuario al acceder al sitio web. <a href=\"https:\/\/aux2lacs54.fr\/\"><br \/>\n  <span style=\"color: #3366ff;\">www.aux2lacs54.f<\/span><br \/>\n<\/a><span style=\"color: #3366ff;\"><a style=\"color: #3366ff;\" href=\"https:\/\/aux2lacs54.fr\/\">r<\/a> <\/span>y que resulten bien de la utilizaci\u00f3n de un equipo que no responda a las especificaciones indicadas en el punto 4, bien de la aparici\u00f3n de un error o de una incompatibilidad.<\/p>\n<p>Richard Kister no se hace responsable de da\u00f1os indirectos (como p\u00e9rdida de negocio o p\u00e9rdida de oportunidades) derivados del uso del sitio web <span style=\"color: #3366ff;\"><a style=\"color: #3366ff;\" href=\"https:\/\/aux2lacs54.fr\/\">www.aux2lacs54.fr<\/a>.<\/span><\/p>\n<p>Los usuarios tienen a su disposici\u00f3n zonas interactivas (posibilidad de hacer preguntas en la zona de contacto). Richard Kister se reserva el derecho de suprimir, sin previo aviso, cualquier contenido publicado en este espacio que contravenga la legislaci\u00f3n aplicable en Francia, en particular las disposiciones relativas a la protecci\u00f3n de datos. En su caso, Richard Kister tambi\u00e9n se reserva el derecho de exigir responsabilidades civiles y\/o penales al usuario, especialmente en caso de mensajes de car\u00e1cter racista, insultante, difamatorio o pornogr\u00e1fico, sea cual sea el medio utilizado (texto, fotograf\u00edas, etc.).<\/p>\n<h3>7. Gesti\u00f3n de datos personales.<\/h3>\n<p>En Francia, los datos personales est\u00e1n protegidos por la ley n\u00ba 78-87 de 6 de enero de 1978, la ley n\u00ba 2004-801 de 6 de agosto de 2004, el art\u00edculo L. 226-13 del C\u00f3digo Penal y la Directiva Europea de 24 de octubre de 1995.<\/p>\n<p>Al utilizar el sitio <span style=\"color: #3366ff;\"><br \/>\n  <a style=\"color: #3366ff;\" href=\"https:\/\/aux2lacs54.fr\/\">www.aux2lacs54.f<\/a><br \/>\n  <a style=\"color: #3366ff;\" href=\"https:\/\/aux2lacs54.fr\/\">r<\/a><br \/>\n<\/span><a href=\"http:\/\/www.la-chevrerie.com\/\"> <\/a>Puede recogerse la siguiente informaci\u00f3n: la URL de los enlaces a trav\u00e9s de los cuales el usuario ha accedido al sitio <span style=\"color: #3366ff;\"><a style=\"color: #3366ff;\" href=\"https:\/\/aux2lacs54.fr\/\">www.aux2lacs54.f<\/a><a style=\"color: #3366ff;\" href=\"https:\/\/aux2lacs54.fr\/\">r<\/a> <\/span>el proveedor de acceso del usuario y su direcci\u00f3n de protocolo de Internet (IP).<\/p>\n<p>En cualquier caso, Richard Kister s\u00f3lo recoge informaci\u00f3n personal relativa al usuario a efectos de determinados servicios ofrecidos por el sitio web <span style=\"color: #3366ff;\"><br \/>\n  <a style=\"color: #3366ff;\" href=\"https:\/\/aux2lacs54.fr\/\">www.aux2lacs54.f<\/a><br \/>\n<\/span><a href=\"https:\/\/aux2lacs54.fr\/\"><br \/>\n  <span style=\"color: #3366ff;\">r<\/span><br \/>\n<\/a>. Los usuarios facilitan esta informaci\u00f3n con pleno conocimiento de causa, sobre todo cuando la introducen ellos mismos. Se informa a los usuarios del sitio de que <span style=\"color: #3366ff;\"><a style=\"color: #3366ff;\" href=\"https:\/\/aux2lacs54.fr\/\">www.aux2lacs54.f<\/a><a style=\"color: #3366ff;\" href=\"https:\/\/aux2lacs54.fr\/\">r<\/a> <\/span>la obligaci\u00f3n de facilitar esta informaci\u00f3n.<\/p>\n<p>De conformidad con las disposiciones de los art\u00edculos 38 y siguientes de la Ley 78-17 de 6 de enero de 1978 relativa a la inform\u00e1tica, a los ficheros y a las libertades, todo usuario dispone de un derecho de acceso, de rectificaci\u00f3n y de oposici\u00f3n a los datos de car\u00e1cter personal que le conciernan, mediante el env\u00edo de una solicitud escrita y firmada, acompa\u00f1ada de una copia del documento de identidad con la firma del portador del documento, precisando la direcci\u00f3n a la que debe enviarse la respuesta.<\/p>\n<p>Ninguna informaci\u00f3n personal sobre el usuario del sitio <span style=\"color: #3366ff;\"><br \/>\n  <a style=\"color: #3366ff;\" href=\"https:\/\/aux2lacs54.fr\/\">www.aux2lacs54.f<\/a><br \/>\n  <a style=\"color: #3366ff;\" href=\"https:\/\/aux2lacs54.fr\/\">r<\/a><br \/>\n<\/span> se publica sin conocimiento del usuario, se intercambia, se transfiere, se cede o se vende por cualquier medio a terceros. S\u00f3lo en el caso de que Richard Kister y sus derechos sean adquiridos, dicha informaci\u00f3n ser\u00e1 transferida a un posible comprador, que a su vez estar\u00eda obligado a la misma obligaci\u00f3n de conservaci\u00f3n y modificaci\u00f3n de datos en relaci\u00f3n con el usuario del sitio. <a href=\"https:\/\/aux2lacs54.fr\/\"><br \/>\n  <span style=\"color: #3366ff;\">www.aux2lacs54.f<\/span><br \/>\n<\/a><span style=\"color: #3366ff;\"><a style=\"color: #3366ff;\" href=\"https:\/\/aux2lacs54.fr\/\">r<\/a> <\/span>.<\/p>\n<p>El sitio no est\u00e1 registrado en la CNIL porque no recoge informaci\u00f3n personal.<\/p>\n<p>Las bases de datos est\u00e1n protegidas por las disposiciones de la Ley de 1 de julio de 1998 que transpone la Directiva 96\/9 de 11 de marzo de 1996 sobre la protecci\u00f3n jur\u00eddica de las bases de datos.<\/p>\n<h3>8. Enlaces de hipertexto y cookies.<\/h3>\n<p>El sitio web <a href=\"https:\/\/aux2lacs54.fr\/\"><br \/>\n  <span style=\"color: #3366ff;\">www.aux2lacs54.f<\/span><br \/>\n<\/a><span style=\"color: #3366ff;\"><br \/>\n  <a style=\"color: #3366ff;\" href=\"https:\/\/aux2lacs54.fr\/\">r<\/a><br \/>\n<\/span> contiene una serie de enlaces de hipertexto a otros sitios, creados con la autorizaci\u00f3n de Richard Kister. Sin embargo, Richard Kistern no est\u00e1 en condiciones de comprobar el contenido de los sitios visitados de este modo y, en consecuencia, no acepta ninguna responsabilidad al respecto.<\/p>\n<p>Navegar por el sitio<span style=\"color: #3366ff;\"> <a style=\"color: #3366ff;\" href=\"https:\/\/aux2lacs54.fr\/\">www.aux2lacs54.f<\/a><a style=\"color: #3366ff;\" href=\"https:\/\/aux2lacs54.fr\/\">r<\/a><\/span> puede provocar la instalaci\u00f3n de cookies en el ordenador del usuario. Una cookie es un peque\u00f1o archivo que no permite identificar al usuario, pero que registra informaci\u00f3n relativa a la navegaci\u00f3n de un ordenador en un sitio. Los datos obtenidos de este modo est\u00e1n destinados a facilitar la navegaci\u00f3n posterior por el sitio y tambi\u00e9n se utilizan para medir el n\u00famero de visitantes.<\/p>\n<p>Si rechaza la instalaci\u00f3n de una cookie, es posible que no pueda acceder a determinados servicios. No obstante, el usuario puede configurar su ordenador de la siguiente manera para rechazar la instalaci\u00f3n de cookies:<\/p>\n<p>En Internet Explorer: pesta\u00f1a Herramientas (icono en forma de rueda arriba a la derecha) \/ Opciones de Internet. Haga clic en Confidencialidad y elija Bloquear todas las cookies. Pulse OK para confirmar.<\/p>\n<p>Firefox: en la parte superior de la ventana del navegador, haga clic en el bot\u00f3n Firefox y, a continuaci\u00f3n, vaya a la pesta\u00f1a Opciones. Haga clic en la pesta\u00f1a Privacidad. Establezca las reglas de retenci\u00f3n en: utilizar una configuraci\u00f3n personalizada para el historial. Por \u00faltimo, desmarque la casilla para desactivar las cookies.<\/p>\n<p>En Safari: haga clic en el icono de men\u00fa (simbolizado por una rueda dentada) situado en la parte superior derecha del navegador. Selecciona Ajustes. Haga clic en Mostrar configuraci\u00f3n avanzada. En la secci\u00f3n &#8220;Confidencialidad&#8221;, haga clic en Configuraci\u00f3n del contenido. En la secci\u00f3n &#8220;Cookies&#8221;, puede bloquear las cookies.<\/p>\n<p>En Chrome: haga clic en el icono de men\u00fa (simbolizado por tres l\u00edneas horizontales) situado en la parte superior derecha del navegador. Selecciona Ajustes. Haga clic en Mostrar configuraci\u00f3n avanzada. En la secci\u00f3n &#8220;Confidencialidad&#8221;, haga clic en Preferencias. En la pesta\u00f1a &#8220;Confidencialidad&#8221;, puede bloquear las cookies.<\/p>\n<h3>9. Ley aplicable y jurisdicci\u00f3n.<\/h3>\n<p>Cualquier litigio relacionado con el uso del sitio  <a href=\"http:\/\/www.la-chevrerie.com\/\"> <\/a><a href=\"https:\/\/aux2lacs54.fr\/\"><br \/>\n  <span style=\"color: #3366ff;\">www.aux2lacs54.f<\/span><br \/>\n<\/a><span style=\"color: #3366ff;\"><br \/>\n  <a style=\"color: #3366ff;\" href=\"https:\/\/aux2lacs54.fr\/\">r<\/a><br \/>\n<\/span> se rige por la legislaci\u00f3n francesa. Los tribunales de Par\u00eds son los \u00fanicos competentes.<\/p>\n<h3>10. Las principales leyes afectadas.<\/h3>\n<p>Ley n\u00ba 78-17 de 6 de enero de 1978, modificada por la Ley n\u00ba 2004-801 de 6 de agosto de 2004 relativa a la inform\u00e1tica, los ficheros y las libertades.<\/p>\n<p>Ley n\u00ba 2004-575 de 21 de junio de 2004 sobre la confianza en la econom\u00eda digital.<\/p>\n<h3>11. Glosario.<\/h3>\n<p>Usuario: Internauta que se conecta y utiliza el sitio mencionado.<\/p>\n<p>Informaci\u00f3n personal: &#8220;informaci\u00f3n que permite, en cualquier forma, directa o indirectamente, la identificaci\u00f3n de las personas f\u00edsicas a las que se aplica&#8221; (art\u00edculo 4 de la ley n\u00ba 78-17 de 6 de enero de 1978).<\/p>\n<\/div>\n","protected":false},"excerpt":{"rendered":"<p>Para leer nuestras condiciones generales Informaci\u00f3n jur\u00eddica Informaci\u00f3n jur\u00eddica 1. Presentaci\u00f3n del sitio. De conformidad con el art\u00edculo 6 de la Ley n\u00ba 2004-575, de 21 de junio de 2004, sobre la confianza en la econom\u00eda digital, se informa a  [&#8230;]<\/p>\n","protected":false},"author":1,"featured_media":0,"parent":0,"menu_order":0,"comment_status":"closed","ping_status":"closed","template":"","meta":{"footnotes":""},"class_list":["post-6620","page","type-page","status-publish","hentry"],"yoast_head":"<!-- This site is optimized with the Yoast SEO plugin v27.4 - https:\/\/yoast.com\/product\/yoast-seo-wordpress\/ -->\n<title>Menciones legales - AUX 2 LACS<\/title>\n<meta name=\"robots\" content=\"index, follow, max-snippet:-1, max-image-preview:large, max-video-preview:-1\" \/>\n<link rel=\"canonical\" href=\"https:\/\/aux2lacs54.fr\/es\/menciones-legales\/\" \/>\n<meta property=\"og:locale\" content=\"es_ES\" \/>\n<meta property=\"og:type\" content=\"article\" \/>\n<meta property=\"og:title\" content=\"Menciones legales - AUX 2 LACS\" \/>\n<meta property=\"og:description\" content=\"Para leer nuestras condiciones generales Informaci\u00f3n jur\u00eddica Informaci\u00f3n jur\u00eddica 1. Presentaci\u00f3n del sitio. De conformidad con el art\u00edculo 6 de la Ley n\u00ba 2004-575, de 21 de junio de 2004, sobre la confianza en la econom\u00eda digital, se informa a [...]\" \/>\n<meta property=\"og:url\" content=\"https:\/\/aux2lacs54.fr\/es\/menciones-legales\/\" \/>\n<meta property=\"og:site_name\" content=\"AUX 2 LACS\" \/>\n<meta property=\"article:publisher\" content=\"https:\/\/www.facebook.com\/aux2lacs54\/\" \/>\n<meta property=\"article:modified_time\" content=\"2024-02-23T13:08:04+00:00\" \/>\n<meta name=\"twitter:card\" content=\"summary_large_image\" \/>\n<meta name=\"twitter:label1\" content=\"Tiempo de lectura\" \/>\n\t<meta name=\"twitter:data1\" content=\"9 minutes\" \/>\n<script type=\"application\/ld+json\" class=\"yoast-schema-graph\">{\"@context\":\"https:\\\/\\\/schema.org\",\"@graph\":[{\"@type\":\"WebPage\",\"@id\":\"https:\\\/\\\/aux2lacs54.fr\\\/es\\\/menciones-legales\\\/\",\"url\":\"https:\\\/\\\/aux2lacs54.fr\\\/es\\\/menciones-legales\\\/\",\"name\":\"Menciones legales - AUX 2 LACS\",\"isPartOf\":{\"@id\":\"https:\\\/\\\/aux2lacs54.fr\\\/es\\\/#website\"},\"datePublished\":\"2024-02-23T10:48:10+00:00\",\"dateModified\":\"2024-02-23T13:08:04+00:00\",\"breadcrumb\":{\"@id\":\"https:\\\/\\\/aux2lacs54.fr\\\/es\\\/menciones-legales\\\/#breadcrumb\"},\"inLanguage\":\"es-ES\",\"potentialAction\":[{\"@type\":\"ReadAction\",\"target\":[\"https:\\\/\\\/aux2lacs54.fr\\\/es\\\/menciones-legales\\\/\"]}]},{\"@type\":\"BreadcrumbList\",\"@id\":\"https:\\\/\\\/aux2lacs54.fr\\\/es\\\/menciones-legales\\\/#breadcrumb\",\"itemListElement\":[{\"@type\":\"ListItem\",\"position\":1,\"name\":\"Accueil\",\"item\":\"https:\\\/\\\/aux2lacs54.fr\\\/es\\\/\"},{\"@type\":\"ListItem\",\"position\":2,\"name\":\"Menciones legales\"}]},{\"@type\":\"WebSite\",\"@id\":\"https:\\\/\\\/aux2lacs54.fr\\\/es\\\/#website\",\"url\":\"https:\\\/\\\/aux2lacs54.fr\\\/es\\\/\",\"name\":\"AUX 2 LACS\",\"description\":\"Chambres d&#039;H\u00f4tes, Location de G\u00eete, Piscine, Vosges, Meurthe-et-Moselle\",\"publisher\":{\"@id\":\"https:\\\/\\\/aux2lacs54.fr\\\/es\\\/#organization\"},\"potentialAction\":[{\"@type\":\"SearchAction\",\"target\":{\"@type\":\"EntryPoint\",\"urlTemplate\":\"https:\\\/\\\/aux2lacs54.fr\\\/es\\\/?s={search_term_string}\"},\"query-input\":{\"@type\":\"PropertyValueSpecification\",\"valueRequired\":true,\"valueName\":\"search_term_string\"}}],\"inLanguage\":\"es-ES\"},{\"@type\":\"Organization\",\"@id\":\"https:\\\/\\\/aux2lacs54.fr\\\/es\\\/#organization\",\"name\":\"Aux 2 lacs 54\",\"url\":\"https:\\\/\\\/aux2lacs54.fr\\\/es\\\/\",\"logo\":{\"@type\":\"ImageObject\",\"inLanguage\":\"es-ES\",\"@id\":\"https:\\\/\\\/aux2lacs54.fr\\\/es\\\/#\\\/schema\\\/logo\\\/image\\\/\",\"url\":\"https:\\\/\\\/aux2lacs54.fr\\\/wp-content\\\/uploads\\\/2022\\\/02\\\/Aux-2-lacs-HD.png\",\"contentUrl\":\"https:\\\/\\\/aux2lacs54.fr\\\/wp-content\\\/uploads\\\/2022\\\/02\\\/Aux-2-lacs-HD.png\",\"width\":4000,\"height\":3986,\"caption\":\"Aux 2 lacs 54\"},\"image\":{\"@id\":\"https:\\\/\\\/aux2lacs54.fr\\\/es\\\/#\\\/schema\\\/logo\\\/image\\\/\"},\"sameAs\":[\"https:\\\/\\\/www.facebook.com\\\/aux2lacs54\\\/\",\"https:\\\/\\\/www.youtube.com\\\/channel\\\/UCuk_gN6mwJiDxWt1EqBisAw\\\/videos\"]}]}<\/script>\n<!-- \/ Yoast SEO plugin. -->","yoast_head_json":{"title":"Menciones legales - AUX 2 LACS","robots":{"index":"index","follow":"follow","max-snippet":"max-snippet:-1","max-image-preview":"max-image-preview:large","max-video-preview":"max-video-preview:-1"},"canonical":"https:\/\/aux2lacs54.fr\/es\/menciones-legales\/","og_locale":"es_ES","og_type":"article","og_title":"Menciones legales - AUX 2 LACS","og_description":"Para leer nuestras condiciones generales Informaci\u00f3n jur\u00eddica Informaci\u00f3n jur\u00eddica 1. Presentaci\u00f3n del sitio. De conformidad con el art\u00edculo 6 de la Ley n\u00ba 2004-575, de 21 de junio de 2004, sobre la confianza en la econom\u00eda digital, se informa a [...]","og_url":"https:\/\/aux2lacs54.fr\/es\/menciones-legales\/","og_site_name":"AUX 2 LACS","article_publisher":"https:\/\/www.facebook.com\/aux2lacs54\/","article_modified_time":"2024-02-23T13:08:04+00:00","twitter_card":"summary_large_image","twitter_misc":{"Tiempo de lectura":"9 minutes"},"schema":{"@context":"https:\/\/schema.org","@graph":[{"@type":"WebPage","@id":"https:\/\/aux2lacs54.fr\/es\/menciones-legales\/","url":"https:\/\/aux2lacs54.fr\/es\/menciones-legales\/","name":"Menciones legales - AUX 2 LACS","isPartOf":{"@id":"https:\/\/aux2lacs54.fr\/es\/#website"},"datePublished":"2024-02-23T10:48:10+00:00","dateModified":"2024-02-23T13:08:04+00:00","breadcrumb":{"@id":"https:\/\/aux2lacs54.fr\/es\/menciones-legales\/#breadcrumb"},"inLanguage":"es-ES","potentialAction":[{"@type":"ReadAction","target":["https:\/\/aux2lacs54.fr\/es\/menciones-legales\/"]}]},{"@type":"BreadcrumbList","@id":"https:\/\/aux2lacs54.fr\/es\/menciones-legales\/#breadcrumb","itemListElement":[{"@type":"ListItem","position":1,"name":"Accueil","item":"https:\/\/aux2lacs54.fr\/es\/"},{"@type":"ListItem","position":2,"name":"Menciones legales"}]},{"@type":"WebSite","@id":"https:\/\/aux2lacs54.fr\/es\/#website","url":"https:\/\/aux2lacs54.fr\/es\/","name":"AUX 2 LACS","description":"Chambres d&#039;H\u00f4tes, Location de G\u00eete, Piscine, Vosges, Meurthe-et-Moselle","publisher":{"@id":"https:\/\/aux2lacs54.fr\/es\/#organization"},"potentialAction":[{"@type":"SearchAction","target":{"@type":"EntryPoint","urlTemplate":"https:\/\/aux2lacs54.fr\/es\/?s={search_term_string}"},"query-input":{"@type":"PropertyValueSpecification","valueRequired":true,"valueName":"search_term_string"}}],"inLanguage":"es-ES"},{"@type":"Organization","@id":"https:\/\/aux2lacs54.fr\/es\/#organization","name":"Aux 2 lacs 54","url":"https:\/\/aux2lacs54.fr\/es\/","logo":{"@type":"ImageObject","inLanguage":"es-ES","@id":"https:\/\/aux2lacs54.fr\/es\/#\/schema\/logo\/image\/","url":"https:\/\/aux2lacs54.fr\/wp-content\/uploads\/2022\/02\/Aux-2-lacs-HD.png","contentUrl":"https:\/\/aux2lacs54.fr\/wp-content\/uploads\/2022\/02\/Aux-2-lacs-HD.png","width":4000,"height":3986,"caption":"Aux 2 lacs 54"},"image":{"@id":"https:\/\/aux2lacs54.fr\/es\/#\/schema\/logo\/image\/"},"sameAs":["https:\/\/www.facebook.com\/aux2lacs54\/","https:\/\/www.youtube.com\/channel\/UCuk_gN6mwJiDxWt1EqBisAw\/videos"]}]}},"_links":{"self":[{"href":"https:\/\/aux2lacs54.fr\/es\/wp-json\/wp\/v2\/pages\/6620","targetHints":{"allow":["GET"]}}],"collection":[{"href":"https:\/\/aux2lacs54.fr\/es\/wp-json\/wp\/v2\/pages"}],"about":[{"href":"https:\/\/aux2lacs54.fr\/es\/wp-json\/wp\/v2\/types\/page"}],"author":[{"embeddable":true,"href":"https:\/\/aux2lacs54.fr\/es\/wp-json\/wp\/v2\/users\/1"}],"replies":[{"embeddable":true,"href":"https:\/\/aux2lacs54.fr\/es\/wp-json\/wp\/v2\/comments?post=6620"}],"version-history":[{"count":3,"href":"https:\/\/aux2lacs54.fr\/es\/wp-json\/wp\/v2\/pages\/6620\/revisions"}],"predecessor-version":[{"id":6643,"href":"https:\/\/aux2lacs54.fr\/es\/wp-json\/wp\/v2\/pages\/6620\/revisions\/6643"}],"wp:attachment":[{"href":"https:\/\/aux2lacs54.fr\/es\/wp-json\/wp\/v2\/media?parent=6620"}],"curies":[{"name":"wp","href":"https:\/\/api.w.org\/{rel}","templated":true}]}}