{"id":6632,"date":"2021-11-18T17:36:32","date_gmt":"2021-11-18T16:36:32","guid":{"rendered":"https:\/\/aux2lacs54.fr\/condiciones-generales-de-venta\/"},"modified":"2024-02-23T14:06:27","modified_gmt":"2024-02-23T13:06:27","slug":"condiciones-generales-de-venta","status":"publish","type":"page","link":"https:\/\/aux2lacs54.fr\/es\/condiciones-generales-de-venta\/","title":{"rendered":"Condiciones generales de venta"},"content":{"rendered":"<h3>CONDICIONES GENERALES DE VENTA<\/h3>\n<p><strong><br \/>\n  <em>Art\u00edculo 1<\/em><br \/>\n<\/strong> El presente contrato de alquiler es para uso exclusivo de alquiler de temporada con fines tur\u00edsticos.<\/p>\n<p><strong><br \/>\n  <em>Art\u00edculo 2<\/em><br \/>\n<\/strong> &#8211; <strong>duraci\u00f3n de la<\/strong> estancia : El inquilino que firme el presente contrato por una duraci\u00f3n determinada no podr\u00e1 en ning\u00fan caso reivindicar ning\u00fan derecho a permanecer en los locales al final de la estancia.<\/p>\n<p><strong><br \/>\n  <em>Art\u00edculo 3<\/em><br \/>\n<\/strong> &#8211; <strong>celebraci\u00f3n<\/strong> del contrato : La reserva se hace efectiva una vez que el inquilino ha enviado al propietario el<strong>dep\u00f3sito solicitado <\/strong>y una copia del contrato firmado antes de la fecha indicada.<\/p>\n<p>En ning\u00fan caso el alquiler pactado entre las partes de esta escritura podr\u00e1 extenderse, ni siquiera parcialmente, a terceros, sean personas f\u00edsicas o jur\u00eddicas, sin el acuerdo escrito del propietario.<\/p>\n<p>Cualquier incumplimiento de este \u00faltimo p\u00e1rrafo podr\u00e1 dar lugar a la rescisi\u00f3n inmediata del alquiler en perjuicio del Arrendatario, quedando el producto del alquiler en propiedad del Propietario.<\/p>\n<p><strong><em>Art\u00edculo 4  <\/em><\/strong><strong>no hay derecho de desistimiento<\/strong>  Para las reservas efectuadas por correo, tel\u00e9fono o Internet, el arrendatario no se beneficia del plazo de retractaci\u00f3n, de conformidad con el art\u00edculo L121-21-8 del C\u00f3digo de Consumo franc\u00e9s, relativo en particular a los servicios de alojamiento prestados en una fecha u hora determinadas.<strong><br \/>\n  <em>Art\u00edculo 5 <\/em><br \/>\n<\/strong>&#8211;  <strong>Cancelaci\u00f3n por parte del inquilino<\/strong>: Todas las cancelaciones deben notificarse al propietario por carta certificada o correo electr\u00f3nico.<strong> <br \/><\/strong><\/p>\n<p><strong>a) Los clientes pueden cancelar su reserva sin cargo alguno hasta 14 d\u00edas antes de la llegada. Los hu\u00e9spedes deben pagar el 50% del importe total si cancelan antes de 14 d\u00edas de la llegada. Si el cliente no se presenta, tendr\u00e1 que pagar el importe total de la reserva.<\/strong><\/p>\n<p>Si el inquilino no se presenta en un plazo de 24 horas a partir de la fecha de llegada indicada en el contrato, \u00e9ste quedar\u00e1 anulado y el propietario podr\u00e1 disponer de la casa rural. La fianza tambi\u00e9n queda en propiedad del propietario, que solicitar\u00e1 el pago del saldo del alquiler.<\/p>\n<p>b) si la estancia se acorta, el propietario se queda con el precio del alquiler. No se efectuar\u00e1n reembolsos.<\/p>\n<p><strong><br \/>\n  <em>Art\u00edculo 6 <\/em><br \/>\n<\/strong>&#8211; <strong> Anulaci\u00f3n por parte del propietario<\/strong>: El propietario abonar\u00e1 al inquilino la totalidad del importe pagado.<\/p>\n<p><strong><br \/>\n  <em>Art\u00edculo 7 Llegada<\/em><br \/>\n<\/strong> &#8211; <strong> Llegada <\/strong>: El inquilino debe llegar el d\u00eda y a partir de la hora indicados en el presente contrato. En caso de llegada tard\u00eda o retrasada, el inquilino deber\u00e1 informar al propietario.<\/p>\n<p><strong><br \/>\n  <em>Art\u00edculo 8 Pago del saldo<\/em><br \/>\n<\/strong>&#8211; <strong> Pago<\/strong> del saldo: El saldo del alquiler deber\u00e1 abonarse a la llegada.<\/p>\n<p><strong><br \/>\n  <em>Art\u00edculo 9 <\/em><br \/>\n<\/strong>&#8211; Inventario <strong> de las instalaciones<\/strong> <strong>(s\u00f3lo para la casa rural) <\/strong>: A la llegada y a la salida de la casa rural, el inquilino y el propietario o su representante elaborar\u00e1n y firmar\u00e1n conjuntamente un inventario. Este inventario es la \u00fanica referencia en caso de litigio sobre el estado de los locales.<\/p>\n<p>El estado de limpieza de la casa rural a la llegada del inquilino debe registrarse en el inventario de enseres. El inquilino es responsable de la limpieza de los locales durante el periodo de alquiler y antes de la salida. El importe de los posibles gastos de limpieza se calcula sobre la base indicada en la descripci\u00f3n.<\/p>\n<p><strong><br \/>\n  <em>Art\u00edculo 10 <\/em><br \/>\n<\/strong>&#8211; <strong> FIANZA<\/strong> <strong>(S\u00f3lo para el G\u00ceTE) <\/strong>: A su llegada, el propietario le pedir\u00e1 una FIANZA de 300 euros. Una vez realizado un inventario conjunto de las instalaciones al final del periodo de alquiler, se devuelve esta fianza, menos los gastos de restauraci\u00f3n de los locales si se han encontrado desperfectos.<\/p>\n<p>En caso de salida anticipada (antes de la hora indicada en el contrato), que impida realizar el inventario de enseres el d\u00eda de la salida del inquilino, la fianza ser\u00e1 devuelta por el propietario en un plazo no superior a una semana.<\/p>\n<p><strong><br \/>\n  <em>Art\u00edculo 11<\/em><br \/>\n<\/strong> &#8211; <strong> Uso de <\/strong> los locales: El arrendatario debe velar por el car\u00e1cter pac\u00edfico del alquiler y utilizarlo de acuerdo con el destino de los locales.<\/p>\n<p><strong><br \/>\n  <em>Art\u00edculo 12 Capacidad<\/em><br \/>\n<\/strong> &#8211; <strong> Capacidad<\/strong>: El presente contrato se establece para una capacidad m\u00e1xima de personas. Si el n\u00famero de hu\u00e9spedes supera la capacidad de la propiedad, el propietario puede negarse a aceptar hu\u00e9spedes adicionales. Cualquier modificaci\u00f3n o rescisi\u00f3n del contrato se considerar\u00e1 a iniciativa del cliente.<\/p>\n<p><strong><br \/>\n  <em>Art\u00edculo 13 &#8211; Animales de compa\u00f1\u00eda <\/em><br \/>\n<\/strong>Animales de <strong>compa\u00f1\u00eda<\/strong>: Este contrato especifica si el inquilino puede o no quedarse con un animal de compa\u00f1\u00eda. Si no se respeta esta cl\u00e1usula, el propietario podr\u00e1 rechazar la estancia: no se efectuar\u00e1 ning\u00fan reembolso.<\/p>\n<p><strong><br \/>\n  <em>Art\u00edculo 14<\/em><br \/>\n<\/strong> &#8211; <strong> Seguro<\/strong>: El arrendatario es responsable de todos los da\u00f1os causados por \u00e9l mismo. Est\u00e1 obligado a contratar un seguro de vacaciones para cubrir estos diversos riesgos.<\/p>\n","protected":false},"excerpt":{"rendered":"<p>CONDICIONES GENERALES DE VENTA Art\u00edculo 1 El presente contrato de alquiler es para uso exclusivo de alquiler de temporada con fines tur\u00edsticos. Art\u00edculo 2 &#8211; duraci\u00f3n de la estancia : El inquilino que firme el presente contrato por una duraci\u00f3n  [&#8230;]<\/p>\n","protected":false},"author":1,"featured_media":0,"parent":0,"menu_order":0,"comment_status":"closed","ping_status":"open","template":"","meta":{"footnotes":""},"class_list":["post-6632","page","type-page","status-publish","hentry"],"yoast_head":"<!-- This site is optimized with the Yoast SEO plugin v27.3 - https:\/\/yoast.com\/product\/yoast-seo-wordpress\/ -->\n<title>Condiciones generales de venta - AUX 2 LACS<\/title>\n<meta name=\"robots\" content=\"index, follow, max-snippet:-1, max-image-preview:large, max-video-preview:-1\" \/>\n<link rel=\"canonical\" href=\"https:\/\/aux2lacs54.fr\/es\/condiciones-generales-de-venta\/\" \/>\n<meta property=\"og:locale\" content=\"es_ES\" \/>\n<meta property=\"og:type\" content=\"article\" \/>\n<meta property=\"og:title\" content=\"Condiciones generales de venta - AUX 2 LACS\" \/>\n<meta property=\"og:description\" content=\"CONDICIONES GENERALES DE VENTA Art\u00edculo 1 El presente contrato de alquiler es para uso exclusivo de alquiler de temporada con fines tur\u00edsticos. Art\u00edculo 2 &#8211; duraci\u00f3n de la estancia : El inquilino que firme el presente contrato por una duraci\u00f3n [...]\" \/>\n<meta property=\"og:url\" content=\"https:\/\/aux2lacs54.fr\/es\/condiciones-generales-de-venta\/\" \/>\n<meta property=\"og:site_name\" content=\"AUX 2 LACS\" \/>\n<meta property=\"article:publisher\" content=\"https:\/\/www.facebook.com\/aux2lacs54\/\" \/>\n<meta property=\"article:modified_time\" content=\"2024-02-23T13:06:27+00:00\" \/>\n<meta name=\"twitter:card\" content=\"summary_large_image\" \/>\n<meta name=\"twitter:label1\" content=\"Tiempo de lectura\" \/>\n\t<meta name=\"twitter:data1\" content=\"4 minutes\" \/>\n<script type=\"application\/ld+json\" class=\"yoast-schema-graph\">{\"@context\":\"https:\\\/\\\/schema.org\",\"@graph\":[{\"@type\":\"WebPage\",\"@id\":\"https:\\\/\\\/aux2lacs54.fr\\\/es\\\/condiciones-generales-de-venta\\\/\",\"url\":\"https:\\\/\\\/aux2lacs54.fr\\\/es\\\/condiciones-generales-de-venta\\\/\",\"name\":\"Condiciones generales de venta - AUX 2 LACS\",\"isPartOf\":{\"@id\":\"https:\\\/\\\/aux2lacs54.fr\\\/es\\\/#website\"},\"datePublished\":\"2021-11-18T16:36:32+00:00\",\"dateModified\":\"2024-02-23T13:06:27+00:00\",\"breadcrumb\":{\"@id\":\"https:\\\/\\\/aux2lacs54.fr\\\/es\\\/condiciones-generales-de-venta\\\/#breadcrumb\"},\"inLanguage\":\"es-ES\",\"potentialAction\":[{\"@type\":\"ReadAction\",\"target\":[\"https:\\\/\\\/aux2lacs54.fr\\\/es\\\/condiciones-generales-de-venta\\\/\"]}]},{\"@type\":\"BreadcrumbList\",\"@id\":\"https:\\\/\\\/aux2lacs54.fr\\\/es\\\/condiciones-generales-de-venta\\\/#breadcrumb\",\"itemListElement\":[{\"@type\":\"ListItem\",\"position\":1,\"name\":\"Accueil\",\"item\":\"https:\\\/\\\/aux2lacs54.fr\\\/es\\\/\"},{\"@type\":\"ListItem\",\"position\":2,\"name\":\"Condiciones generales de venta\"}]},{\"@type\":\"WebSite\",\"@id\":\"https:\\\/\\\/aux2lacs54.fr\\\/es\\\/#website\",\"url\":\"https:\\\/\\\/aux2lacs54.fr\\\/es\\\/\",\"name\":\"AUX 2 LACS\",\"description\":\"Chambres d&#039;H\u00f4tes, Location de G\u00eete, Piscine, Vosges, Meurthe-et-Moselle\",\"publisher\":{\"@id\":\"https:\\\/\\\/aux2lacs54.fr\\\/es\\\/#organization\"},\"potentialAction\":[{\"@type\":\"SearchAction\",\"target\":{\"@type\":\"EntryPoint\",\"urlTemplate\":\"https:\\\/\\\/aux2lacs54.fr\\\/es\\\/?s={search_term_string}\"},\"query-input\":{\"@type\":\"PropertyValueSpecification\",\"valueRequired\":true,\"valueName\":\"search_term_string\"}}],\"inLanguage\":\"es-ES\"},{\"@type\":\"Organization\",\"@id\":\"https:\\\/\\\/aux2lacs54.fr\\\/es\\\/#organization\",\"name\":\"Aux 2 lacs 54\",\"url\":\"https:\\\/\\\/aux2lacs54.fr\\\/es\\\/\",\"logo\":{\"@type\":\"ImageObject\",\"inLanguage\":\"es-ES\",\"@id\":\"https:\\\/\\\/aux2lacs54.fr\\\/es\\\/#\\\/schema\\\/logo\\\/image\\\/\",\"url\":\"https:\\\/\\\/aux2lacs54.fr\\\/wp-content\\\/uploads\\\/2022\\\/02\\\/Aux-2-lacs-HD.png\",\"contentUrl\":\"https:\\\/\\\/aux2lacs54.fr\\\/wp-content\\\/uploads\\\/2022\\\/02\\\/Aux-2-lacs-HD.png\",\"width\":4000,\"height\":3986,\"caption\":\"Aux 2 lacs 54\"},\"image\":{\"@id\":\"https:\\\/\\\/aux2lacs54.fr\\\/es\\\/#\\\/schema\\\/logo\\\/image\\\/\"},\"sameAs\":[\"https:\\\/\\\/www.facebook.com\\\/aux2lacs54\\\/\",\"https:\\\/\\\/www.youtube.com\\\/channel\\\/UCuk_gN6mwJiDxWt1EqBisAw\\\/videos\"]}]}<\/script>\n<!-- \/ Yoast SEO plugin. -->","yoast_head_json":{"title":"Condiciones generales de venta - AUX 2 LACS","robots":{"index":"index","follow":"follow","max-snippet":"max-snippet:-1","max-image-preview":"max-image-preview:large","max-video-preview":"max-video-preview:-1"},"canonical":"https:\/\/aux2lacs54.fr\/es\/condiciones-generales-de-venta\/","og_locale":"es_ES","og_type":"article","og_title":"Condiciones generales de venta - AUX 2 LACS","og_description":"CONDICIONES GENERALES DE VENTA Art\u00edculo 1 El presente contrato de alquiler es para uso exclusivo de alquiler de temporada con fines tur\u00edsticos. Art\u00edculo 2 &#8211; duraci\u00f3n de la estancia : El inquilino que firme el presente contrato por una duraci\u00f3n [...]","og_url":"https:\/\/aux2lacs54.fr\/es\/condiciones-generales-de-venta\/","og_site_name":"AUX 2 LACS","article_publisher":"https:\/\/www.facebook.com\/aux2lacs54\/","article_modified_time":"2024-02-23T13:06:27+00:00","twitter_card":"summary_large_image","twitter_misc":{"Tiempo de lectura":"4 minutes"},"schema":{"@context":"https:\/\/schema.org","@graph":[{"@type":"WebPage","@id":"https:\/\/aux2lacs54.fr\/es\/condiciones-generales-de-venta\/","url":"https:\/\/aux2lacs54.fr\/es\/condiciones-generales-de-venta\/","name":"Condiciones generales de venta - AUX 2 LACS","isPartOf":{"@id":"https:\/\/aux2lacs54.fr\/es\/#website"},"datePublished":"2021-11-18T16:36:32+00:00","dateModified":"2024-02-23T13:06:27+00:00","breadcrumb":{"@id":"https:\/\/aux2lacs54.fr\/es\/condiciones-generales-de-venta\/#breadcrumb"},"inLanguage":"es-ES","potentialAction":[{"@type":"ReadAction","target":["https:\/\/aux2lacs54.fr\/es\/condiciones-generales-de-venta\/"]}]},{"@type":"BreadcrumbList","@id":"https:\/\/aux2lacs54.fr\/es\/condiciones-generales-de-venta\/#breadcrumb","itemListElement":[{"@type":"ListItem","position":1,"name":"Accueil","item":"https:\/\/aux2lacs54.fr\/es\/"},{"@type":"ListItem","position":2,"name":"Condiciones generales de venta"}]},{"@type":"WebSite","@id":"https:\/\/aux2lacs54.fr\/es\/#website","url":"https:\/\/aux2lacs54.fr\/es\/","name":"AUX 2 LACS","description":"Chambres d&#039;H\u00f4tes, Location de G\u00eete, Piscine, Vosges, Meurthe-et-Moselle","publisher":{"@id":"https:\/\/aux2lacs54.fr\/es\/#organization"},"potentialAction":[{"@type":"SearchAction","target":{"@type":"EntryPoint","urlTemplate":"https:\/\/aux2lacs54.fr\/es\/?s={search_term_string}"},"query-input":{"@type":"PropertyValueSpecification","valueRequired":true,"valueName":"search_term_string"}}],"inLanguage":"es-ES"},{"@type":"Organization","@id":"https:\/\/aux2lacs54.fr\/es\/#organization","name":"Aux 2 lacs 54","url":"https:\/\/aux2lacs54.fr\/es\/","logo":{"@type":"ImageObject","inLanguage":"es-ES","@id":"https:\/\/aux2lacs54.fr\/es\/#\/schema\/logo\/image\/","url":"https:\/\/aux2lacs54.fr\/wp-content\/uploads\/2022\/02\/Aux-2-lacs-HD.png","contentUrl":"https:\/\/aux2lacs54.fr\/wp-content\/uploads\/2022\/02\/Aux-2-lacs-HD.png","width":4000,"height":3986,"caption":"Aux 2 lacs 54"},"image":{"@id":"https:\/\/aux2lacs54.fr\/es\/#\/schema\/logo\/image\/"},"sameAs":["https:\/\/www.facebook.com\/aux2lacs54\/","https:\/\/www.youtube.com\/channel\/UCuk_gN6mwJiDxWt1EqBisAw\/videos"]}]}},"_links":{"self":[{"href":"https:\/\/aux2lacs54.fr\/es\/wp-json\/wp\/v2\/pages\/6632","targetHints":{"allow":["GET"]}}],"collection":[{"href":"https:\/\/aux2lacs54.fr\/es\/wp-json\/wp\/v2\/pages"}],"about":[{"href":"https:\/\/aux2lacs54.fr\/es\/wp-json\/wp\/v2\/types\/page"}],"author":[{"embeddable":true,"href":"https:\/\/aux2lacs54.fr\/es\/wp-json\/wp\/v2\/users\/1"}],"replies":[{"embeddable":true,"href":"https:\/\/aux2lacs54.fr\/es\/wp-json\/wp\/v2\/comments?post=6632"}],"version-history":[{"count":3,"href":"https:\/\/aux2lacs54.fr\/es\/wp-json\/wp\/v2\/pages\/6632\/revisions"}],"predecessor-version":[{"id":6635,"href":"https:\/\/aux2lacs54.fr\/es\/wp-json\/wp\/v2\/pages\/6632\/revisions\/6635"}],"wp:attachment":[{"href":"https:\/\/aux2lacs54.fr\/es\/wp-json\/wp\/v2\/media?parent=6632"}],"curies":[{"name":"wp","href":"https:\/\/api.w.org\/{rel}","templated":true}]}}